{"id":2847,"date":"2025-02-05T08:27:45","date_gmt":"2025-02-05T07:27:45","guid":{"rendered":"https:\/\/mlykscorner.fr\/?page_id=2847"},"modified":"2025-02-05T08:39:30","modified_gmt":"2025-02-05T07:39:30","slug":"elementor-page-2847","status":"publish","type":"page","link":"https:\/\/mlykscorner.fr\/?page_id=2847","title":{"rendered":"A Propos"},"content":{"rendered":"\t\t<div data-elementor-type=\"wp-page\" data-elementor-id=\"2847\" class=\"elementor elementor-2847\">\n\t\t\t\t<div class=\"elementor-element elementor-element-54d0eba e-flex e-con-boxed wpr-particle-no wpr-jarallax-no wpr-parallax-no wpr-sticky-section-no e-con e-parent\" data-id=\"54d0eba\" data-element_type=\"container\" data-e-type=\"container\">\n\t\t\t\t\t<div class=\"e-con-inner\">\n\t\t<div class=\"elementor-element elementor-element-8e97d9d e-con-full e-flex wpr-particle-no wpr-jarallax-no wpr-parallax-no wpr-sticky-section-no e-con e-child\" data-id=\"8e97d9d\" data-element_type=\"container\" data-e-type=\"container\">\n\t\t\t\t<div class=\"elementor-element elementor-element-dcc396c elementor-widget elementor-widget-image\" data-id=\"dcc396c\" data-element_type=\"widget\" data-e-type=\"widget\" data-widget_type=\"image.default\">\n\t\t\t\t<div class=\"elementor-widget-container\">\n\t\t\t\t\t\t\t\t\t\t\t\t\t\t\t<img fetchpriority=\"high\" decoding=\"async\" width=\"768\" height=\"1024\" src=\"https:\/\/mlykscorner.fr\/wp-content\/uploads\/2024\/11\/6B0C6EDD-B1B5-4B7F-B604-002D733C5C02_1_105_c.jpeg\" class=\"attachment-medium_large size-medium_large wp-image-2608\" alt=\"\" srcset=\"https:\/\/mlykscorner.fr\/wp-content\/uploads\/2024\/11\/6B0C6EDD-B1B5-4B7F-B604-002D733C5C02_1_105_c.jpeg 768w, https:\/\/mlykscorner.fr\/wp-content\/uploads\/2024\/11\/6B0C6EDD-B1B5-4B7F-B604-002D733C5C02_1_105_c-225x300.jpeg 225w\" sizes=\"(max-width: 768px) 100vw, 768px\" \/>\t\t\t\t\t\t\t\t\t\t\t\t\t\t\t<\/div>\n\t\t\t\t<\/div>\n\t\t\t\t<\/div>\n\t\t<div class=\"elementor-element elementor-element-df5b344 e-con-full e-flex wpr-particle-no wpr-jarallax-no wpr-parallax-no wpr-sticky-section-no e-con e-child\" data-id=\"df5b344\" data-element_type=\"container\" data-e-type=\"container\">\n\t\t\t\t<div class=\"elementor-element elementor-element-e899fe9 elementor-widget elementor-widget-text-editor\" data-id=\"e899fe9\" data-element_type=\"widget\" data-e-type=\"widget\" data-widget_type=\"text-editor.default\">\n\t\t\t\t<div class=\"elementor-widget-container\">\n\t\t\t\t\t\t\t\t\t<h2 data-sourcepos=\"5:1-5:311\">Bienvenue sur MLYK&#8217;s Corner !<\/h2><p data-sourcepos=\"5:1-5:311\">Ici, je partage ma passion pour la peinture et la photographie, deux m\u00e9diums qui me permettent d&#8217;explorer le monde qui m&#8217;entoure et de donner forme \u00e0 mes \u00e9motions.\u00a0<\/p><p data-sourcepos=\"5:1-5:311\">Au fil des pages, d\u00e9couvrez mes toiles color\u00e9es et mes albums de voyages. De l&#8217;Irlande aux \u00c9tats-Unis, en passant par la France, je vous invite \u00e0 suivre mes p\u00e9r\u00e9grinations. Laissez-vous embarquer \ud83d\ude09<\/p>\t\t\t\t\t\t\t\t<\/div>\n\t\t\t\t<\/div>\n\t\t\t\t<\/div>\n\t\t\t\t\t<\/div>\n\t\t\t\t<\/div>\n\t\t\t\t<\/div>\n\t\t","protected":false},"excerpt":{"rendered":"<p>Bienvenue sur MLYK&#8217;s Corner ! Ici, je partage ma passion pour la peinture et la photographie, deux m\u00e9diums qui me permettent d&#8217;explorer le monde qui m&#8217;entoure et de donner forme \u00e0 mes \u00e9motions.\u00a0 Au fil des pages, d\u00e9couvrez mes toiles color\u00e9es et mes albums de voyages. De l&#8217;Irlande aux \u00c9tats-Unis, en passant par la France, je vous invite \u00e0 suivre mes p\u00e9r\u00e9grinations. Laissez-vous embarquer \ud83d\ude09<\/p>\n","protected":false},"author":1,"featured_media":2608,"parent":0,"menu_order":0,"comment_status":"closed","ping_status":"closed","template":"elementor_theme","meta":{"ocean_post_layout":"","ocean_both_sidebars_style":"","ocean_both_sidebars_content_width":0,"ocean_both_sidebars_sidebars_width":0,"ocean_sidebar":"","ocean_second_sidebar":"","ocean_disable_margins":"enable","ocean_add_body_class":"","ocean_shortcode_before_top_bar":"","ocean_shortcode_after_top_bar":"","ocean_shortcode_before_header":"","ocean_shortcode_after_header":"","ocean_has_shortcode":"","ocean_shortcode_after_title":"","ocean_shortcode_before_footer_widgets":"","ocean_shortcode_after_footer_widgets":"","ocean_shortcode_before_footer_bottom":"","ocean_shortcode_after_footer_bottom":"","ocean_display_top_bar":"default","ocean_display_header":"default","ocean_header_style":"","ocean_center_header_left_menu":"","ocean_custom_header_template":"","ocean_custom_logo":0,"ocean_custom_retina_logo":0,"ocean_custom_logo_max_width":0,"ocean_custom_logo_tablet_max_width":0,"ocean_custom_logo_mobile_max_width":0,"ocean_custom_logo_max_height":0,"ocean_custom_logo_tablet_max_height":0,"ocean_custom_logo_mobile_max_height":0,"ocean_header_custom_menu":"","ocean_menu_typo_font_family":"","ocean_menu_typo_font_subset":"","ocean_menu_typo_font_size":0,"ocean_menu_typo_font_size_tablet":0,"ocean_menu_typo_font_size_mobile":0,"ocean_menu_typo_font_size_unit":"px","ocean_menu_typo_font_weight":"","ocean_menu_typo_font_weight_tablet":"","ocean_menu_typo_font_weight_mobile":"","ocean_menu_typo_transform":"","ocean_menu_typo_transform_tablet":"","ocean_menu_typo_transform_mobile":"","ocean_menu_typo_line_height":0,"ocean_menu_typo_line_height_tablet":0,"ocean_menu_typo_line_height_mobile":0,"ocean_menu_typo_line_height_unit":"","ocean_menu_typo_spacing":0,"ocean_menu_typo_spacing_tablet":0,"ocean_menu_typo_spacing_mobile":0,"ocean_menu_typo_spacing_unit":"","ocean_menu_link_color":"","ocean_menu_link_color_hover":"","ocean_menu_link_color_active":"","ocean_menu_link_background":"","ocean_menu_link_hover_background":"","ocean_menu_link_active_background":"","ocean_menu_social_links_bg":"","ocean_menu_social_hover_links_bg":"","ocean_menu_social_links_color":"","ocean_menu_social_hover_links_color":"","ocean_disable_title":"default","ocean_disable_heading":"default","ocean_post_title":"","ocean_post_subheading":"","ocean_post_title_style":"","ocean_post_title_background_color":"","ocean_post_title_background":0,"ocean_post_title_bg_image_position":"","ocean_post_title_bg_image_attachment":"","ocean_post_title_bg_image_repeat":"","ocean_post_title_bg_image_size":"","ocean_post_title_height":0,"ocean_post_title_bg_overlay":0.5,"ocean_post_title_bg_overlay_color":"","ocean_disable_breadcrumbs":"default","ocean_breadcrumbs_color":"","ocean_breadcrumbs_separator_color":"","ocean_breadcrumbs_links_color":"","ocean_breadcrumbs_links_hover_color":"","ocean_display_footer_widgets":"default","ocean_display_footer_bottom":"default","ocean_custom_footer_template":"","_vp_format_video_url":"","_vp_image_focal_point":[],"footnotes":""},"class_list":["post-2847","page","type-page","status-publish","has-post-thumbnail","hentry","entry","has-media"],"yoast_head":"<!-- This site is optimized with the Yoast SEO plugin v27.3 - https:\/\/yoast.com\/product\/yoast-seo-wordpress\/ -->\n<title>A Propos - MLYK&#039;s Corner<\/title>\n<meta name=\"robots\" content=\"index, follow, max-snippet:-1, max-image-preview:large, max-video-preview:-1\" \/>\n<link rel=\"canonical\" href=\"https:\/\/mlykscorner.fr\/?page_id=2847\" \/>\n<meta property=\"og:locale\" content=\"en_US\" \/>\n<meta property=\"og:type\" content=\"article\" \/>\n<meta property=\"og:title\" content=\"A Propos - MLYK&#039;s Corner\" \/>\n<meta property=\"og:description\" content=\"Bienvenue sur MLYK&#8217;s Corner ! Ici, je partage ma passion pour la peinture et la photographie, deux m\u00e9diums qui me permettent d&#8217;explorer le monde qui m&#8217;entoure et de donner forme \u00e0 mes \u00e9motions.\u00a0 Au fil des pages, d\u00e9couvrez mes toiles color\u00e9es et mes albums de voyages. De l&#8217;Irlande aux \u00c9tats-Unis, en passant par la France, je vous invite \u00e0 suivre mes p\u00e9r\u00e9grinations. Laissez-vous embarquer \ud83d\ude09\" \/>\n<meta property=\"og:url\" content=\"https:\/\/mlykscorner.fr\/?page_id=2847\" \/>\n<meta property=\"og:site_name\" content=\"MLYK&#039;s Corner\" \/>\n<meta property=\"article:modified_time\" content=\"2025-02-05T07:39:30+00:00\" \/>\n<meta property=\"og:image\" content=\"http:\/\/mlykscorner.fr\/wp-content\/uploads\/2024\/11\/6B0C6EDD-B1B5-4B7F-B604-002D733C5C02_1_105_c.jpeg\" \/>\n\t<meta property=\"og:image:width\" content=\"768\" \/>\n\t<meta property=\"og:image:height\" content=\"1024\" \/>\n\t<meta property=\"og:image:type\" content=\"image\/jpeg\" \/>\n<meta name=\"twitter:card\" content=\"summary_large_image\" \/>\n<meta name=\"twitter:label1\" content=\"Est. reading time\" \/>\n\t<meta name=\"twitter:data1\" content=\"1 minute\" \/>\n<script type=\"application\/ld+json\" class=\"yoast-schema-graph\">{\"@context\":\"https:\\\/\\\/schema.org\",\"@graph\":[{\"@type\":\"WebPage\",\"@id\":\"https:\\\/\\\/mlykscorner.fr\\\/?page_id=2847\",\"url\":\"https:\\\/\\\/mlykscorner.fr\\\/?page_id=2847\",\"name\":\"A Propos - MLYK&#039;s Corner\",\"isPartOf\":{\"@id\":\"https:\\\/\\\/mlykscorner.fr\\\/#website\"},\"primaryImageOfPage\":{\"@id\":\"https:\\\/\\\/mlykscorner.fr\\\/?page_id=2847#primaryimage\"},\"image\":{\"@id\":\"https:\\\/\\\/mlykscorner.fr\\\/?page_id=2847#primaryimage\"},\"thumbnailUrl\":\"https:\\\/\\\/mlykscorner.fr\\\/wp-content\\\/uploads\\\/2024\\\/11\\\/6B0C6EDD-B1B5-4B7F-B604-002D733C5C02_1_105_c.jpeg\",\"datePublished\":\"2025-02-05T07:27:45+00:00\",\"dateModified\":\"2025-02-05T07:39:30+00:00\",\"breadcrumb\":{\"@id\":\"https:\\\/\\\/mlykscorner.fr\\\/?page_id=2847#breadcrumb\"},\"inLanguage\":\"en-US\",\"potentialAction\":[{\"@type\":\"ReadAction\",\"target\":[\"https:\\\/\\\/mlykscorner.fr\\\/?page_id=2847\"]}]},{\"@type\":\"ImageObject\",\"inLanguage\":\"en-US\",\"@id\":\"https:\\\/\\\/mlykscorner.fr\\\/?page_id=2847#primaryimage\",\"url\":\"https:\\\/\\\/mlykscorner.fr\\\/wp-content\\\/uploads\\\/2024\\\/11\\\/6B0C6EDD-B1B5-4B7F-B604-002D733C5C02_1_105_c.jpeg\",\"contentUrl\":\"https:\\\/\\\/mlykscorner.fr\\\/wp-content\\\/uploads\\\/2024\\\/11\\\/6B0C6EDD-B1B5-4B7F-B604-002D733C5C02_1_105_c.jpeg\",\"width\":768,\"height\":1024},{\"@type\":\"BreadcrumbList\",\"@id\":\"https:\\\/\\\/mlykscorner.fr\\\/?page_id=2847#breadcrumb\",\"itemListElement\":[{\"@type\":\"ListItem\",\"position\":1,\"name\":\"Accueil\",\"item\":\"https:\\\/\\\/mlykscorner.fr\\\/\"},{\"@type\":\"ListItem\",\"position\":2,\"name\":\"A Propos\"}]},{\"@type\":\"WebSite\",\"@id\":\"https:\\\/\\\/mlykscorner.fr\\\/#website\",\"url\":\"https:\\\/\\\/mlykscorner.fr\\\/\",\"name\":\"MLYK's Corner\",\"description\":\"\",\"publisher\":{\"@id\":\"https:\\\/\\\/mlykscorner.fr\\\/#\\\/schema\\\/person\\\/17429ca6ee760ae38175486168489d5c\"},\"alternateName\":\"mlyk\",\"potentialAction\":[{\"@type\":\"SearchAction\",\"target\":{\"@type\":\"EntryPoint\",\"urlTemplate\":\"https:\\\/\\\/mlykscorner.fr\\\/?s={search_term_string}\"},\"query-input\":{\"@type\":\"PropertyValueSpecification\",\"valueRequired\":true,\"valueName\":\"search_term_string\"}}],\"inLanguage\":\"en-US\"},{\"@type\":[\"Person\",\"Organization\"],\"@id\":\"https:\\\/\\\/mlykscorner.fr\\\/#\\\/schema\\\/person\\\/17429ca6ee760ae38175486168489d5c\",\"name\":\"Marie-L\u00e9a Pouliquen\",\"image\":{\"@type\":\"ImageObject\",\"inLanguage\":\"en-US\",\"@id\":\"https:\\\/\\\/mlykscorner.fr\\\/wp-content\\\/uploads\\\/2024\\\/03\\\/MLYKs-2.png\",\"url\":\"https:\\\/\\\/mlykscorner.fr\\\/wp-content\\\/uploads\\\/2024\\\/03\\\/MLYKs-2.png\",\"contentUrl\":\"https:\\\/\\\/mlykscorner.fr\\\/wp-content\\\/uploads\\\/2024\\\/03\\\/MLYKs-2.png\",\"width\":500,\"height\":500,\"caption\":\"Marie-L\u00e9a Pouliquen\"},\"logo\":{\"@id\":\"https:\\\/\\\/mlykscorner.fr\\\/wp-content\\\/uploads\\\/2024\\\/03\\\/MLYKs-2.png\"},\"sameAs\":[\"http:\\\/\\\/mlykscorner.fr\"]}]}<\/script>\n<!-- \/ Yoast SEO plugin. -->","yoast_head_json":{"title":"A Propos - MLYK&#039;s Corner","robots":{"index":"index","follow":"follow","max-snippet":"max-snippet:-1","max-image-preview":"max-image-preview:large","max-video-preview":"max-video-preview:-1"},"canonical":"https:\/\/mlykscorner.fr\/?page_id=2847","og_locale":"en_US","og_type":"article","og_title":"A Propos - MLYK&#039;s Corner","og_description":"Bienvenue sur MLYK&#8217;s Corner ! Ici, je partage ma passion pour la peinture et la photographie, deux m\u00e9diums qui me permettent d&#8217;explorer le monde qui m&#8217;entoure et de donner forme \u00e0 mes \u00e9motions.\u00a0 Au fil des pages, d\u00e9couvrez mes toiles color\u00e9es et mes albums de voyages. De l&#8217;Irlande aux \u00c9tats-Unis, en passant par la France, je vous invite \u00e0 suivre mes p\u00e9r\u00e9grinations. Laissez-vous embarquer \ud83d\ude09","og_url":"https:\/\/mlykscorner.fr\/?page_id=2847","og_site_name":"MLYK&#039;s Corner","article_modified_time":"2025-02-05T07:39:30+00:00","og_image":[{"width":768,"height":1024,"url":"http:\/\/mlykscorner.fr\/wp-content\/uploads\/2024\/11\/6B0C6EDD-B1B5-4B7F-B604-002D733C5C02_1_105_c.jpeg","type":"image\/jpeg"}],"twitter_card":"summary_large_image","twitter_misc":{"Est. reading time":"1 minute"},"schema":{"@context":"https:\/\/schema.org","@graph":[{"@type":"WebPage","@id":"https:\/\/mlykscorner.fr\/?page_id=2847","url":"https:\/\/mlykscorner.fr\/?page_id=2847","name":"A Propos - MLYK&#039;s Corner","isPartOf":{"@id":"https:\/\/mlykscorner.fr\/#website"},"primaryImageOfPage":{"@id":"https:\/\/mlykscorner.fr\/?page_id=2847#primaryimage"},"image":{"@id":"https:\/\/mlykscorner.fr\/?page_id=2847#primaryimage"},"thumbnailUrl":"https:\/\/mlykscorner.fr\/wp-content\/uploads\/2024\/11\/6B0C6EDD-B1B5-4B7F-B604-002D733C5C02_1_105_c.jpeg","datePublished":"2025-02-05T07:27:45+00:00","dateModified":"2025-02-05T07:39:30+00:00","breadcrumb":{"@id":"https:\/\/mlykscorner.fr\/?page_id=2847#breadcrumb"},"inLanguage":"en-US","potentialAction":[{"@type":"ReadAction","target":["https:\/\/mlykscorner.fr\/?page_id=2847"]}]},{"@type":"ImageObject","inLanguage":"en-US","@id":"https:\/\/mlykscorner.fr\/?page_id=2847#primaryimage","url":"https:\/\/mlykscorner.fr\/wp-content\/uploads\/2024\/11\/6B0C6EDD-B1B5-4B7F-B604-002D733C5C02_1_105_c.jpeg","contentUrl":"https:\/\/mlykscorner.fr\/wp-content\/uploads\/2024\/11\/6B0C6EDD-B1B5-4B7F-B604-002D733C5C02_1_105_c.jpeg","width":768,"height":1024},{"@type":"BreadcrumbList","@id":"https:\/\/mlykscorner.fr\/?page_id=2847#breadcrumb","itemListElement":[{"@type":"ListItem","position":1,"name":"Accueil","item":"https:\/\/mlykscorner.fr\/"},{"@type":"ListItem","position":2,"name":"A Propos"}]},{"@type":"WebSite","@id":"https:\/\/mlykscorner.fr\/#website","url":"https:\/\/mlykscorner.fr\/","name":"MLYK's Corner","description":"","publisher":{"@id":"https:\/\/mlykscorner.fr\/#\/schema\/person\/17429ca6ee760ae38175486168489d5c"},"alternateName":"mlyk","potentialAction":[{"@type":"SearchAction","target":{"@type":"EntryPoint","urlTemplate":"https:\/\/mlykscorner.fr\/?s={search_term_string}"},"query-input":{"@type":"PropertyValueSpecification","valueRequired":true,"valueName":"search_term_string"}}],"inLanguage":"en-US"},{"@type":["Person","Organization"],"@id":"https:\/\/mlykscorner.fr\/#\/schema\/person\/17429ca6ee760ae38175486168489d5c","name":"Marie-L\u00e9a Pouliquen","image":{"@type":"ImageObject","inLanguage":"en-US","@id":"https:\/\/mlykscorner.fr\/wp-content\/uploads\/2024\/03\/MLYKs-2.png","url":"https:\/\/mlykscorner.fr\/wp-content\/uploads\/2024\/03\/MLYKs-2.png","contentUrl":"https:\/\/mlykscorner.fr\/wp-content\/uploads\/2024\/03\/MLYKs-2.png","width":500,"height":500,"caption":"Marie-L\u00e9a Pouliquen"},"logo":{"@id":"https:\/\/mlykscorner.fr\/wp-content\/uploads\/2024\/03\/MLYKs-2.png"},"sameAs":["http:\/\/mlykscorner.fr"]}]}},"_links":{"self":[{"href":"https:\/\/mlykscorner.fr\/index.php?rest_route=\/wp\/v2\/pages\/2847","targetHints":{"allow":["GET"]}}],"collection":[{"href":"https:\/\/mlykscorner.fr\/index.php?rest_route=\/wp\/v2\/pages"}],"about":[{"href":"https:\/\/mlykscorner.fr\/index.php?rest_route=\/wp\/v2\/types\/page"}],"author":[{"embeddable":true,"href":"https:\/\/mlykscorner.fr\/index.php?rest_route=\/wp\/v2\/users\/1"}],"replies":[{"embeddable":true,"href":"https:\/\/mlykscorner.fr\/index.php?rest_route=%2Fwp%2Fv2%2Fcomments&post=2847"}],"version-history":[{"count":16,"href":"https:\/\/mlykscorner.fr\/index.php?rest_route=\/wp\/v2\/pages\/2847\/revisions"}],"predecessor-version":[{"id":2865,"href":"https:\/\/mlykscorner.fr\/index.php?rest_route=\/wp\/v2\/pages\/2847\/revisions\/2865"}],"wp:featuredmedia":[{"embeddable":true,"href":"https:\/\/mlykscorner.fr\/index.php?rest_route=\/wp\/v2\/media\/2608"}],"wp:attachment":[{"href":"https:\/\/mlykscorner.fr\/index.php?rest_route=%2Fwp%2Fv2%2Fmedia&parent=2847"}],"curies":[{"name":"wp","href":"https:\/\/api.w.org\/{rel}","templated":true}]}}